{"id":931,"date":"2020-10-16T15:59:47","date_gmt":"2020-10-16T15:59:47","guid":{"rendered":"https:\/\/evoteo.fr\/?page_id=931"},"modified":"2025-08-29T11:16:38","modified_gmt":"2025-08-29T10:16:38","slug":"politique-de-confidentialite","status":"publish","type":"page","link":"https:\/\/evoteo.fr\/?page_id=931","title":{"rendered":"POLITIQUE DE CONFIDENTIALITE"},"content":{"rendered":"\n<div class=\"wp-block-themeisle-blocks-advanced-columns has-1-columns has-desktop-equal-layout has-tablet-equal-layout has-mobile-equal-layout has-default-gap has-vertical-unset\" id=\"wp-block-themeisle-blocks-advanced-columns-a5eec128\"><div class=\"wp-block-themeisle-blocks-advanced-columns-overlay\"><\/div><div class=\"innerblocks-wrap\">\n<div class=\"wp-block-themeisle-blocks-advanced-column\" id=\"wp-block-themeisle-blocks-advanced-column-c33dc501\">\n<h3><strong>POLITIQUE DE PROTECTION DES DONNEES<\/strong><\/h3>\n<p><strong>En date du 16\/10\/2020<\/strong><\/p>\n<p>La pr\u00e9sente politique de protection des donn\u00e9es a pour objectif de pr\u00e9senter et de d\u00e9crire les diff\u00e9rents traitements de donn\u00e9es \u00e0 caract\u00e8re personnel effectu\u00e9s par evoteo.<\/p>\n<p>Cette politique d\u00e9taille aussi les mesures mises en \u0153uvre par evoteo pour prot\u00e9ger efficacement vos donn\u00e9es personnelles et leur assurer un haut niveau de s\u00e9curit\u00e9.<\/p>\n<p>Cette politique compl\u00e8te les mentions l\u00e9gales de notre site internet evoteo.<\/p>\n<h4>evoteo<\/h4>\n<p>Le si\u00e8ge de evoteo est 40 Bd de l&rsquo;Artillerie, 69007 Lyon.<\/p>\n<p>Pour toutes vos questions ou commentaires, vous pouvez aussi nous contacter :<\/p>\n<p>\u2022&nbsp;&nbsp;&nbsp;&nbsp;&nbsp;&nbsp;&nbsp; par courrier adress\u00e9 \u00e0 evoteo, 40 Bd de l&rsquo;Artillerie, 69007 Lyon<\/p>\n<p>\u2022&nbsp;&nbsp;&nbsp;&nbsp;&nbsp;&nbsp;&nbsp; par email \u00e0 <a href=\"mailto:contact@evoteo.com\">contact@evoteo.com<\/a><\/p>\n<p>La soci\u00e9t\u00e9 a d\u00e9sign\u00e9 un d\u00e9l\u00e9gu\u00e9 \u00e0 la protection des donn\u00e9es (DPO) qui peut \u00eatre contact\u00e9 \u00e0 l\u2019adresse suivante : <a href=\"mailto:dpo@hartwood.eu\">dpo@hartwood.eu<\/a><\/p>\n<h4>Donn\u00e9es personnelles et traitements de donn\u00e9es personnelles : de quoi s\u2019agit-il ?<\/h4>\n<p>Les Donn\u00e9es Personnelles sont les informations et donn\u00e9es permettant d\u2019identifier ou rendant identifiable une personne physique (nom, adresse email, num\u00e9ro de t\u00e9l\u00e9phone ou adresse IP, etc.) et trait\u00e9es \u00e9lectroniquement ou non.<\/p>\n<p>Les traitements de Donn\u00e9es Personnelles d\u00e9signent toute op\u00e9ration ou tout ensemble d&rsquo;op\u00e9rations effectu\u00e9s ou non \u00e0 l&rsquo;aide de proc\u00e9d\u00e9s automatis\u00e9s et appliqu\u00e9s \u00e0 des donn\u00e9es ou ensembles de donn\u00e9es \u00e0 caract\u00e8re personnel, tel que la collecte, l&rsquo;enregistrement, l&rsquo;organisation, la structuration, la conservation, l&rsquo;adaptation ou la modification, l&rsquo;extraction, la consultation, l&rsquo;utilisation, la communication par transmission, la diffusion ou toute autre forme de mise \u00e0 disposition, le rapprochement ou l&rsquo;interconnexion, la limitation, l&rsquo;effacement ou la destruction.<\/p>\n<h4>evoteo, responsable de traitement<\/h4>\n<p>evoteo agit comme responsable de traitement, au sens de la r\u00e8glementation applicable, lorsqu\u2019elle traite les donn\u00e9es personnelles des personnes concern\u00e9es \u00e0 l\u2019occasion de l\u2019utilisation de son site internet ou de la candidature \u00e0 des offres d\u2019emploi [&#8212;-].<\/p>\n<p>En tant que responsable de traitement, evoteo assure un haut niveau de protection des Donn\u00e9es Personnelles des personnes concern\u00e9es lors de toutes les \u00e9tapes de leur traitement (collecte, conservation, destruction\u2026).<\/p>\n<p>Pr\u00e9sent en [territoire], evoteo s\u2019engage \u00e0 respecter la l\u00e9gislation et la r\u00e9glementation en vigueur en mati\u00e8re de protection des donn\u00e9es personnelles et plus particuli\u00e8rement :<\/p>\n<p>&#8211;&nbsp;&nbsp;&nbsp;&nbsp;&nbsp;&nbsp;&nbsp; le r\u00e8glement UE 2016\/679 du Parlement europ\u00e9en et du Conseil du 27 avril 2016 relatif \u00e0 la protection des personnes physiques \u00e0 l\u2019\u00e9gard du traitement des donn\u00e9es \u00e0 caract\u00e8re personnel (RGPD) et ;<\/p>\n<p>&#8211;&nbsp;&nbsp;&nbsp;&nbsp;&nbsp;&nbsp;&nbsp; la loi Informatique et Libert\u00e9s et l\u2019ordonnance n\u00b02018-1125 du 12 d\u00e9cembre 2018 relative \u00e0 la protection des donn\u00e9es personnelles portant modification de la loi 78-17 du 6 janvier 1978 relative \u00e0 l\u2019informatique, aux fichiers et aux libert\u00e9s et diverses dispositions concernant la protection des donn\u00e9es \u00e0 caract\u00e8re personnel ;<\/p>\n<h4>Le site de evoteo<\/h4>\n<p>Le site de evoteo, <a href=\"https:\/\/evoteo.fr\">https:\/\/evoteo.fr<\/a> est h\u00e9berg\u00e9 par 1&amp;1 dans des conditions conformes au RGPD.<\/p>\n<h4>S\u00e9curit\u00e9 des donn\u00e9es personnelles<\/h4>\n<p>evoteo s\u2019engage \u00e0 prendre toutes les mesures techniques et organisationnelles pour assurer la protection, la s\u00e9curit\u00e9 et la confidentialit\u00e9 des Donn\u00e9es Personnelles des personnes concern\u00e9es, en particulier contre toute perte, alt\u00e9ration, diffusion ou usage ill\u00e9gal.<\/p>\n<p>evoteo s\u2019assure que de telles mesures sont mises en place sur l\u2019ensemble des op\u00e9rations r\u00e9alis\u00e9es dans le cadre de ses traitements, et notamment lors de la collecte des Donn\u00e9es Personnelles, de leur stockage et de leur h\u00e9bergement.<\/p>\n<p>A cet \u00e9gard, evoteo s\u2019assure \u00e9galement que les tiers auxquels il est susceptible de faire appel (prestataires techniques, fournisseurs\u2026) respectent cette exigence de protection des Donn\u00e9es Personnelles par la mise en place de mesures appropri\u00e9es, conform\u00e9ment au RGPD. Les mesures techniques et organisationnelles mises en place peuvent inclure le recours \u00e0 des formulaires d\u2019inscription s\u00e9curis\u00e9s, le cryptage et\/ou l\u2019acc\u00e8s restreint aux Donn\u00e9es Personnelles.<\/p>\n<p>evoteo invite les personnes concern\u00e9es \u00e0 la plus grande prudence dans la communication, par leurs soins \u00e0 des tiers, de leurs Donn\u00e9es Personnelles mais \u00e9galement de leurs identifiants et mots de passe personnels permettant leur acc\u00e8s au site.<\/p>\n<p>Certains messages ou sollicitations re\u00e7us peuvent provenir de personnes mal intentionn\u00e9es cherchant \u00e0 obtenir des informations personnelles concernant les personnes concern\u00e9es en vue d\u2019une utilisation frauduleuse (pratique du phishing). Si la personne re\u00e7oit un message qui para\u00eet \u00eatre une tentative de phishing, elle est invit\u00e9e \u00e0 ne pas y r\u00e9pondre et \u00e0 ne pas ouvrir les pi\u00e8ces jointes, les images ou les liens contenus dans le message.<\/p>\n<p><\/p>\n<hr class=\"wp-block-separator\"\/>\n<p><\/p>\n<h3>I.&nbsp;&nbsp;&nbsp;&nbsp;&nbsp;&nbsp; JE SUIS UN UTILISATEUR DU SITE INTERNET DE evoteo : QUE DOIS-JE SAVOIR SUR MES DONNEES ?<\/h3>\n<p>Rappel : Les Utilisateurs sont toutes les personnes utilisatrices du site et de tout ou partie des services propos\u00e9s par evoteo sur son site, notamment pour avoir des informations concernant ou s\u2019inscrire \u00e0 la newsletter.<\/p>\n<h4>i.&nbsp; QUELLES DONNEES PERSONNELLES ?<\/h4>\n<p>evoteo collecte et traite les Donn\u00e9es Personnelles suivantes des Utilisateurs en sa qualit\u00e9 de responsable de traitement :<\/p>\n<ul><li>Nom, pr\u00e9nom<\/li><li>Adresse mail<\/li><\/ul>\n<p>Lorsque ces Donn\u00e9es Personnelles sont recueillies, evoteo signale \u00e0 l\u2019Utilisateur le caract\u00e8re obligatoire ou facultatif des Donn\u00e9es Personnelles demand\u00e9es, l\u2019utilisation envisag\u00e9e et les cons\u00e9quences d\u2019un d\u00e9faut de renseignement.<\/p>\n<h4>ii. POURQUOI RECUEILLIR MES DONNEES PERSONNELLES ?<\/h4>\n<p>Les Donn\u00e9es Personnelles communiqu\u00e9es par l\u2019Utilisateur au site de evoteo font l\u2019objet d\u2019un traitement informatique et sont conserv\u00e9es et utilis\u00e9es par evoteo pour les finalit\u00e9s suivantes :<\/p>\n<ul><li>Permettre l\u2019acc\u00e8s au site et son utilisation par l\u2019Utilisateur ;<\/li><li>Permettre le partage, la consultation et l\u2019utilisation des donn\u00e9es fournies par l\u2019Utilisateur, y compris les Donn\u00e9es personnelles ;<\/li><li>Am\u00e9liorer les diff\u00e9rents services propos\u00e9s par le site et fournir \u00e0 l\u2019Utilisateur des informations pertinentes et \u00e0 jour, r\u00e9pondre aux questions de l\u2019Utilisateur, proc\u00e9der \u00e0 des statistiques sur la base d\u2019informations ou de donn\u00e9es et utiliser ces statistiques pour am\u00e9liorer le site et ses services ;<\/li><li>Envoyer \u00e0 l\u2019Utilisateur des notifications pour l\u2019informer d\u2019une \u00e9volution du site ;<\/li><li>Adresser \u00e0 l\u2019Utilisateur, avec son accord pr\u00e9alable expr\u00e8s, des newsletters et des messages d\u2019information concernant l\u2019activit\u00e9 de evoteo. L\u2019Utilisateur peut \u00e0 tout moment se d\u00e9sinscrire de la newsletter ;<\/li><li>Envoyer \u00e0 l\u2019Utilisateur des notifications afin de v\u00e9rifier la s\u00e9curit\u00e9 des acc\u00e8s au site et aux informations ou donn\u00e9es transmises \u00e0 la requ\u00eate de l\u2019Utilisateur ou \u00e0 son profit ;<\/li><\/ul>\n<p>Lorsque l\u2019Utilisateur se connecte et utilise le site de evoteo, des donn\u00e9es de navigation sont susceptibles d\u2019\u00eatre collect\u00e9es et trait\u00e9es par evoteo ou tout prestataire (tiers) de son choix \u00e0 des fins statistiques afin d\u2019am\u00e9liorer l\u2019ergonomie du site et de mesurer le nombre de pages vues, le nombre de visites, ainsi que l\u2019activit\u00e9 et le parcours de l\u2019Utilisateur sur le site.<\/p>\n<h4>iii. CADRE JURIDIQUE DES TRAITEMENTS DE DONNES PERSONNELLES<\/h4>\n<p>Les traitements r\u00e9alis\u00e9s par evoteo dans le cadre de son site, conform\u00e9ment aux finalit\u00e9s \u00e9nonc\u00e9es ci-dessus, sont n\u00e9cessaires pour lui permettre de :<\/p>\n<ul><li>Satisfaire ses obligations vis-\u00e0-vis des Utilisateurs sur le fondement de leur consentement ;<\/li><li>Respecter les obligations contractuelles et l\u00e9gales qui lui incombent ;<\/li><li>R\u00e9pondre \u00e0 certains int\u00e9r\u00eats l\u00e9gitimes relatifs notamment \u00e0 son objet.<\/li><\/ul>\n<p><strong>Dans tous les cas o\u00f9 le consentement de l\u2019Utilisateur est n\u00e9cessaire, le recueil de ce consentement est expr\u00e8s (case \u00e0 cocher (opt-in)) et sp\u00e9cifique. L\u2019Utilisateur pourra ensuite retirer son consentement \u00e0 tout moment.<\/strong><\/p>\n<h4>iv. DUREE DE CONSERVATION DES DONNEES PERSONNELLES<\/h4>\n<p>evoteo ne conservera les Donn\u00e9es Personnelles de l\u2019Utilisateur que pour une dur\u00e9e limit\u00e9e, d\u00e9termin\u00e9e en fonction de la nature des donn\u00e9es en cause, et du traitement concern\u00e9.<\/p>\n<p>Les Donn\u00e9es Personnelles fournies par l\u2019Utilisateur au moment de son inscription et dans le cadre de l\u2019utilisation du site sont conserv\u00e9es aussi longtemps que l\u2019Utilisateur est actif. Au-del\u00e0, les Donn\u00e9es Personnelles seront archiv\u00e9es puis supprim\u00e9es pass\u00e9 ce d\u00e9lai.<\/p>\n<h3>II.&nbsp;&nbsp;&nbsp;&nbsp;&nbsp;&nbsp; JE SOUHAITE CANDIDATER SUR UN POSTE AU SEIN DE evoteo : QUE DOIS-JE SAVOIR SUR MES DONNEES?<\/h3>\n<h4>i.&nbsp; DONNEES PERSONNELLES<\/h4>\n<p>evoteo collecte et traite les Donn\u00e9es Personnelles suivantes des candidats \u00e0 un recrutement en sa qualit\u00e9 de responsable de traitement :<\/p>\n<ul><li>Nom, pr\u00e9nom<\/li><li>Num\u00e9ro de t\u00e9l\u00e9phone<\/li><li>Adresse mail<\/li><li>Adresse postale<\/li><li>El\u00e9ments relatifs \u00e0 la situation professionnelle<\/li><li>CV<\/li><\/ul>\n<p>Lorsque ces Donn\u00e9es Personnelles sont recueillies, evoteo signale \u00e0 la personne concern\u00e9e le caract\u00e8re obligatoire ou facultatif des Donn\u00e9es Personnelles demand\u00e9es, l\u2019utilisation envisag\u00e9e et les cons\u00e9quences d\u2019un d\u00e9faut de renseignement.<\/p>\n<h4>ii. POURQUOI RECUEILLIR MES DONNEES PERSONNELLES ?<\/h4>\n<p>Les Donn\u00e9es Personnelles communiqu\u00e9es par la personne concern\u00e9e au site de evoteo font l\u2019objet d\u2019un traitement informatique et sont conserv\u00e9es et utilis\u00e9es pour les finalit\u00e9s suivantes :<\/p>\n<ul><li>Permettre de prendre connaissance de la candidature spontan\u00e9e ou de la r\u00e9ponse \u00e0 une offre d\u2019emploi;<\/li><li>Envoyer des messages d\u2019information relatif aux postes offerts par evoteo ;<\/li><li>Organiser la mise en relation entre evoteo et les candidats ou toutes personnes susceptibles de candidater \u00e0 des offres d\u2019emploi ;<\/li><\/ul>\n<h4>iii. CADRE JURIDIQUE DES TRAITEMENTS DE DONNEES PERSONNELLES<\/h4>\n<p>Les traitements r\u00e9alis\u00e9s par evoteo dans le cadre du suivi des offres d\u2019emploi, conform\u00e9ment aux finalit\u00e9s \u00e9nonc\u00e9es ci-dessus, sont n\u00e9cessaires \u00e0 evoteo pour lui permettre de :<\/p>\n<ul><li>Satisfaire ses obligations vis-\u00e0-vis des candidats sur le fondement de leur consentement&nbsp;;<\/li><li>Respecter les obligations contractuelles et l\u00e9gales qui lui incombent ;<\/li><li>R\u00e9pondre \u00e0 certains int\u00e9r\u00eats l\u00e9gitimes relatifs notamment \u00e0 son objet.<\/li><\/ul>\n<p>Dans tous les cas o\u00f9 le consentement du candidat \u00e0 une offre d\u2019emploi est n\u00e9cessaire, le recueil de ce consentement est expr\u00e8s (case \u00e0 cocher (opt-in)) et sp\u00e9cifique.<\/p>\n<h4>iv. DUREE DE CONSERVATION DES DONNEES<\/h4>\n<p>evoteo ne conservera les Donn\u00e9es Personnelles du candidat que pour une dur\u00e9e strictement limit\u00e9e \u00e0 2 ans apr\u00e8s le dernier contact par le candidat. Au-del\u00e0, les Donn\u00e9es Personnelles du candidat seront supprim\u00e9es.<\/p>\n<\/div>\n<\/div><\/div>\n","protected":false},"excerpt":{"rendered":"<p>POLITIQUE DE PROTECTION DES DONNEES En date du 16\/10\/2020 La pr\u00e9sente politique de protection des donn\u00e9es a pour objectif de pr\u00e9senter et de d\u00e9crire les diff\u00e9rents traitements de donn\u00e9es \u00e0 caract\u00e8re personnel effectu\u00e9s par evoteo. Cette politique d\u00e9taille aussi les mesures mises en \u0153uvre par evoteo pour prot\u00e9ger efficacement vos donn\u00e9es personnelles et leur assurer&hellip; <br \/> <a class=\"button small blue\" href=\"https:\/\/evoteo.fr\/?page_id=931\">Lire la suite<\/a><\/p>\n","protected":false},"author":1,"featured_media":0,"parent":553,"menu_order":0,"comment_status":"closed","ping_status":"closed","template":"","meta":{"footnotes":""},"class_list":["post-931","page","type-page","status-publish","hentry"],"_links":{"self":[{"href":"https:\/\/evoteo.fr\/index.php?rest_route=\/wp\/v2\/pages\/931","targetHints":{"allow":["GET"]}}],"collection":[{"href":"https:\/\/evoteo.fr\/index.php?rest_route=\/wp\/v2\/pages"}],"about":[{"href":"https:\/\/evoteo.fr\/index.php?rest_route=\/wp\/v2\/types\/page"}],"author":[{"embeddable":true,"href":"https:\/\/evoteo.fr\/index.php?rest_route=\/wp\/v2\/users\/1"}],"replies":[{"embeddable":true,"href":"https:\/\/evoteo.fr\/index.php?rest_route=%2Fwp%2Fv2%2Fcomments&post=931"}],"version-history":[{"count":7,"href":"https:\/\/evoteo.fr\/index.php?rest_route=\/wp\/v2\/pages\/931\/revisions"}],"predecessor-version":[{"id":1390,"href":"https:\/\/evoteo.fr\/index.php?rest_route=\/wp\/v2\/pages\/931\/revisions\/1390"}],"up":[{"embeddable":true,"href":"https:\/\/evoteo.fr\/index.php?rest_route=\/wp\/v2\/pages\/553"}],"wp:attachment":[{"href":"https:\/\/evoteo.fr\/index.php?rest_route=%2Fwp%2Fv2%2Fmedia&parent=931"}],"curies":[{"name":"wp","href":"https:\/\/api.w.org\/{rel}","templated":true}]}}